{"id":17,"date":"2022-07-18T11:52:20","date_gmt":"2022-07-18T09:52:20","guid":{"rendered":"http:\/\/localhost\/summertimechoir\/?page_id=17"},"modified":"2022-11-02T14:44:19","modified_gmt":"2022-11-02T13:44:19","slug":"friends","status":"publish","type":"page","link":"https:\/\/www.summertimechoir.com\/?page_id=17","title":{"rendered":"friends"},"content":{"rendered":"\t\t<div data-elementor-type=\"wp-page\" data-elementor-id=\"17\" class=\"elementor elementor-17\">\n\t\t\t\t\t\t\t\t\t<section class=\"elementor-section elementor-top-section elementor-element elementor-element-dd69ce9 elementor-section-boxed elementor-section-height-default elementor-section-height-default exad-glass-effect-no exad-sticky-section-no\" data-id=\"dd69ce9\" data-element_type=\"section\">\n\t\t\t\t\t\t<div class=\"elementor-container elementor-column-gap-default\">\n\t\t\t\t\t<div class=\"elementor-column elementor-col-100 elementor-top-column elementor-element elementor-element-adf33ba exad-glass-effect-no exad-sticky-section-no\" data-id=\"adf33ba\" data-element_type=\"column\">\n\t\t\t<div class=\"elementor-widget-wrap elementor-element-populated\">\n\t\t\t\t\t\t\t\t<div class=\"elementor-element elementor-element-3ad1b9a exad-sticky-section-no exad-glass-effect-no elementor-widget elementor-widget-heading\" data-id=\"3ad1b9a\" data-element_type=\"widget\" data-widget_type=\"heading.default\">\n\t\t\t\t<div class=\"elementor-widget-container\">\n\t\t\t<style>\/*! elementor - v3.18.0 - 20-12-2023 *\/\n.elementor-heading-title{padding:0;margin:0;line-height:1}.elementor-widget-heading .elementor-heading-title[class*=elementor-size-]>a{color:inherit;font-size:inherit;line-height:inherit}.elementor-widget-heading .elementor-heading-title.elementor-size-small{font-size:15px}.elementor-widget-heading .elementor-heading-title.elementor-size-medium{font-size:19px}.elementor-widget-heading .elementor-heading-title.elementor-size-large{font-size:29px}.elementor-widget-heading .elementor-heading-title.elementor-size-xl{font-size:39px}.elementor-widget-heading .elementor-heading-title.elementor-size-xxl{font-size:59px}<\/style><h1 class=\"elementor-heading-title elementor-size-default\">Scopo associativo<\/h1>\t\t<\/div>\n\t\t\t\t<\/div>\n\t\t\t\t<div class=\"elementor-element elementor-element-0fb44bc exad-sticky-section-no exad-glass-effect-no elementor-widget elementor-widget-text-editor\" data-id=\"0fb44bc\" data-element_type=\"widget\" data-widget_type=\"text-editor.default\">\n\t\t\t\t<div class=\"elementor-widget-container\">\n\t\t\t<style>\/*! elementor - v3.18.0 - 20-12-2023 *\/\n.elementor-widget-text-editor.elementor-drop-cap-view-stacked .elementor-drop-cap{background-color:#69727d;color:#fff}.elementor-widget-text-editor.elementor-drop-cap-view-framed .elementor-drop-cap{color:#69727d;border:3px solid;background-color:transparent}.elementor-widget-text-editor:not(.elementor-drop-cap-view-default) .elementor-drop-cap{margin-top:8px}.elementor-widget-text-editor:not(.elementor-drop-cap-view-default) .elementor-drop-cap-letter{width:1em;height:1em}.elementor-widget-text-editor .elementor-drop-cap{float:left;text-align:center;line-height:1;font-size:50px}.elementor-widget-text-editor .elementor-drop-cap-letter{display:inline-block}<\/style>\t\t\t\t<p>L\u2019Associazione Musicale Summertime \u00e8 una associazione culturale senza scopo di lucro, il cui obbiettivo \u00e8 quello di favorire l\u2019esercizio,lo sviluppo, la diffusione e lo studio dell\u2019attivit\u00e0 musicale\u00a0<br \/><span style=\"letter-spacing: var( --e-global-typography-text-letter-spacing );\">e corale, a titolo ricreativo e di studio, a favore degli associati.<\/span><span style=\"letter-spacing: var( --e-global-typography-text-letter-spacing );\">\u00a0<\/span><\/p><p>Negli anni questa attivit\u00e0 si \u00e8 sviluppata in coordinamento e sinergia con diverse associazioni e onlus del territorio a cui \u00e8 andato il ricavato dei nostri concerti.<\/p><p>Tante sono le entit\u00e0 con cui abbiamo collaborato, se volete contribuire direttamente alla loro causa, di seguito vi lasciamo i loro riferimenti diretti.<\/p>\t\t\t\t\t\t<\/div>\n\t\t\t\t<\/div>\n\t\t\t\t\t<\/div>\n\t\t<\/div>\n\t\t\t\t\t\t\t<\/div>\n\t\t<\/section>\n\t\t\t\t<section class=\"elementor-section elementor-top-section elementor-element elementor-element-7c2d9a5 elementor-section-boxed elementor-section-height-default elementor-section-height-default exad-glass-effect-no exad-sticky-section-no\" data-id=\"7c2d9a5\" data-element_type=\"section\">\n\t\t\t\t\t\t<div class=\"elementor-container elementor-column-gap-default\">\n\t\t\t\t\t<div class=\"elementor-column elementor-col-50 elementor-top-column elementor-element elementor-element-98e7409 exad-glass-effect-no exad-sticky-section-no\" data-id=\"98e7409\" data-element_type=\"column\">\n\t\t\t<div class=\"elementor-widget-wrap elementor-element-populated\">\n\t\t\t\t\t\t\t\t<div class=\"elementor-element elementor-element-11dfdee exad-sticky-section-no exad-glass-effect-no elementor-widget elementor-widget-image\" data-id=\"11dfdee\" data-element_type=\"widget\" data-widget_type=\"image.default\">\n\t\t\t\t<div class=\"elementor-widget-container\">\n\t\t\t<style>\/*! elementor - v3.18.0 - 20-12-2023 *\/\n.elementor-widget-image{text-align:center}.elementor-widget-image a{display:inline-block}.elementor-widget-image a img[src$=\".svg\"]{width:48px}.elementor-widget-image img{vertical-align:middle;display:inline-block}<\/style>\t\t\t\t\t\t\t\t\t\t\t\t\t<a href=\"http:\/\/www.nuovafamiglia.it\" target=\"_blank\">\n\t\t\t\t\t\t\t<img fetchpriority=\"high\" decoding=\"async\" width=\"800\" height=\"800\" src=\"https:\/\/www.summertimechoir.com\/wp-content\/uploads\/2022\/08\/7d0d25bfcaa1421c2931a4f0387462aa_XL.png\" class=\"attachment-large size-large wp-image-707\" alt=\"logo_associazione-nuova-famiglia\" srcset=\"https:\/\/www.summertimechoir.com\/wp-content\/uploads\/2022\/08\/7d0d25bfcaa1421c2931a4f0387462aa_XL.png 940w, https:\/\/www.summertimechoir.com\/wp-content\/uploads\/2022\/08\/7d0d25bfcaa1421c2931a4f0387462aa_XL-500x500.png 500w, https:\/\/www.summertimechoir.com\/wp-content\/uploads\/2022\/08\/7d0d25bfcaa1421c2931a4f0387462aa_XL-300x300.png 300w, https:\/\/www.summertimechoir.com\/wp-content\/uploads\/2022\/08\/7d0d25bfcaa1421c2931a4f0387462aa_XL-768x768.png 768w\" sizes=\"(max-width: 800px) 100vw, 800px\" \/>\t\t\t\t\t\t\t\t<\/a>\n\t\t\t\t\t\t\t\t\t\t\t\t\t\t\t<\/div>\n\t\t\t\t<\/div>\n\t\t\t\t\t<\/div>\n\t\t<\/div>\n\t\t\t\t<div class=\"elementor-column elementor-col-50 elementor-top-column elementor-element elementor-element-c25efd5 exad-glass-effect-no exad-sticky-section-no\" data-id=\"c25efd5\" data-element_type=\"column\">\n\t\t\t<div class=\"elementor-widget-wrap elementor-element-populated\">\n\t\t\t\t\t\t\t\t<div class=\"elementor-element elementor-element-6682f8c exad-sticky-section-no exad-glass-effect-no elementor-widget elementor-widget-image\" data-id=\"6682f8c\" data-element_type=\"widget\" data-widget_type=\"image.default\">\n\t\t\t\t<div class=\"elementor-widget-container\">\n\t\t\t\t\t\t\t\t\t\t\t\t\t\t\t\t<a href=\"http:\/\/www.avis.it\" target=\"_blank\">\n\t\t\t\t\t\t\t<img decoding=\"async\" width=\"800\" height=\"323\" src=\"https:\/\/www.summertimechoir.com\/wp-content\/uploads\/2022\/08\/AVIS-1024x413.png\" class=\"attachment-large size-large wp-image-1428\" alt=\"\" srcset=\"https:\/\/www.summertimechoir.com\/wp-content\/uploads\/2022\/08\/AVIS-1024x413.png 1024w, https:\/\/www.summertimechoir.com\/wp-content\/uploads\/2022\/08\/AVIS-500x202.png 500w, https:\/\/www.summertimechoir.com\/wp-content\/uploads\/2022\/08\/AVIS-768x310.png 768w, https:\/\/www.summertimechoir.com\/wp-content\/uploads\/2022\/08\/AVIS-1536x620.png 1536w, https:\/\/www.summertimechoir.com\/wp-content\/uploads\/2022\/08\/AVIS-2048x827.png 2048w\" sizes=\"(max-width: 800px) 100vw, 800px\" \/>\t\t\t\t\t\t\t\t<\/a>\n\t\t\t\t\t\t\t\t\t\t\t\t\t\t\t<\/div>\n\t\t\t\t<\/div>\n\t\t\t\t\t<\/div>\n\t\t<\/div>\n\t\t\t\t\t\t\t<\/div>\n\t\t<\/section>\n\t\t\t\t<section class=\"elementor-section elementor-top-section elementor-element elementor-element-3cf04ed elementor-section-boxed elementor-section-height-default elementor-section-height-default exad-glass-effect-no exad-sticky-section-no\" data-id=\"3cf04ed\" data-element_type=\"section\">\n\t\t\t\t\t\t<div class=\"elementor-container elementor-column-gap-default\">\n\t\t\t\t\t<div class=\"elementor-column elementor-col-50 elementor-top-column elementor-element elementor-element-036fd9d exad-glass-effect-no exad-sticky-section-no\" data-id=\"036fd9d\" data-element_type=\"column\">\n\t\t\t<div class=\"elementor-widget-wrap elementor-element-populated\">\n\t\t\t\t\t\t\t\t<div class=\"elementor-element elementor-element-1f035c1 exad-sticky-section-no exad-glass-effect-no elementor-widget elementor-widget-image\" data-id=\"1f035c1\" data-element_type=\"widget\" data-widget_type=\"image.default\">\n\t\t\t\t<div class=\"elementor-widget-container\">\n\t\t\t\t\t\t\t\t\t\t\t\t\t\t\t\t<a href=\"https:\/\/cittadellasperanza.org\" target=\"_blank\">\n\t\t\t\t\t\t\t<img decoding=\"async\" width=\"800\" height=\"436\" src=\"https:\/\/www.summertimechoir.com\/wp-content\/uploads\/2022\/08\/cittadellasperanza-1024x558.png\" class=\"attachment-large size-large wp-image-1430\" alt=\"\" srcset=\"https:\/\/www.summertimechoir.com\/wp-content\/uploads\/2022\/08\/cittadellasperanza-1024x558.png 1024w, https:\/\/www.summertimechoir.com\/wp-content\/uploads\/2022\/08\/cittadellasperanza-500x273.png 500w, https:\/\/www.summertimechoir.com\/wp-content\/uploads\/2022\/08\/cittadellasperanza-768x419.png 768w, https:\/\/www.summertimechoir.com\/wp-content\/uploads\/2022\/08\/cittadellasperanza-1536x837.png 1536w, https:\/\/www.summertimechoir.com\/wp-content\/uploads\/2022\/08\/cittadellasperanza.png 1559w\" sizes=\"(max-width: 800px) 100vw, 800px\" \/>\t\t\t\t\t\t\t\t<\/a>\n\t\t\t\t\t\t\t\t\t\t\t\t\t\t\t<\/div>\n\t\t\t\t<\/div>\n\t\t\t\t\t<\/div>\n\t\t<\/div>\n\t\t\t\t<div class=\"elementor-column elementor-col-50 elementor-top-column elementor-element elementor-element-c947bd5 exad-glass-effect-no exad-sticky-section-no\" data-id=\"c947bd5\" data-element_type=\"column\">\n\t\t\t<div class=\"elementor-widget-wrap elementor-element-populated\">\n\t\t\t\t\t\t\t\t<div class=\"elementor-element elementor-element-0d98719 exad-sticky-section-no exad-glass-effect-no elementor-widget elementor-widget-image\" data-id=\"0d98719\" data-element_type=\"widget\" data-widget_type=\"image.default\">\n\t\t\t\t<div class=\"elementor-widget-container\">\n\t\t\t\t\t\t\t\t\t\t\t\t\t\t\t\t<a href=\"http:\/\/www.mediciconlafrica.org\" target=\"_blank\">\n\t\t\t\t\t\t\t<img loading=\"lazy\" decoding=\"async\" width=\"715\" height=\"283\" src=\"https:\/\/www.summertimechoir.com\/wp-content\/uploads\/2022\/08\/cuamm_logo-1.png\" class=\"attachment-large size-large wp-image-1432\" alt=\"\" srcset=\"https:\/\/www.summertimechoir.com\/wp-content\/uploads\/2022\/08\/cuamm_logo-1.png 715w, https:\/\/www.summertimechoir.com\/wp-content\/uploads\/2022\/08\/cuamm_logo-1-500x198.png 500w\" sizes=\"(max-width: 715px) 100vw, 715px\" \/>\t\t\t\t\t\t\t\t<\/a>\n\t\t\t\t\t\t\t\t\t\t\t\t\t\t\t<\/div>\n\t\t\t\t<\/div>\n\t\t\t\t\t<\/div>\n\t\t<\/div>\n\t\t\t\t\t\t\t<\/div>\n\t\t<\/section>\n\t\t\t\t<section class=\"elementor-section elementor-top-section elementor-element elementor-element-454da60 elementor-section-boxed elementor-section-height-default elementor-section-height-default exad-glass-effect-no exad-sticky-section-no\" data-id=\"454da60\" data-element_type=\"section\">\n\t\t\t\t\t\t<div class=\"elementor-container elementor-column-gap-default\">\n\t\t\t\t\t<div class=\"elementor-column elementor-col-50 elementor-top-column elementor-element elementor-element-5406175 exad-glass-effect-no exad-sticky-section-no\" data-id=\"5406175\" data-element_type=\"column\">\n\t\t\t<div class=\"elementor-widget-wrap elementor-element-populated\">\n\t\t\t\t\t\t\t\t<div class=\"elementor-element elementor-element-0f8a319 exad-sticky-section-no exad-glass-effect-no elementor-widget elementor-widget-image\" data-id=\"0f8a319\" data-element_type=\"widget\" data-widget_type=\"image.default\">\n\t\t\t\t<div class=\"elementor-widget-container\">\n\t\t\t\t\t\t\t\t\t\t\t\t\t\t\t\t<a href=\"http:\/\/www.ioveneto.it\" target=\"_blank\">\n\t\t\t\t\t\t\t<img loading=\"lazy\" decoding=\"async\" width=\"800\" height=\"800\" src=\"https:\/\/www.summertimechoir.com\/wp-content\/uploads\/2022\/08\/IOV.png\" class=\"attachment-large size-large wp-image-1431\" alt=\"\" srcset=\"https:\/\/www.summertimechoir.com\/wp-content\/uploads\/2022\/08\/IOV.png 800w, https:\/\/www.summertimechoir.com\/wp-content\/uploads\/2022\/08\/IOV-500x500.png 500w, https:\/\/www.summertimechoir.com\/wp-content\/uploads\/2022\/08\/IOV-300x300.png 300w, https:\/\/www.summertimechoir.com\/wp-content\/uploads\/2022\/08\/IOV-768x768.png 768w\" sizes=\"(max-width: 800px) 100vw, 800px\" \/>\t\t\t\t\t\t\t\t<\/a>\n\t\t\t\t\t\t\t\t\t\t\t\t\t\t\t<\/div>\n\t\t\t\t<\/div>\n\t\t\t\t\t<\/div>\n\t\t<\/div>\n\t\t\t\t<div class=\"elementor-column elementor-col-50 elementor-top-column elementor-element elementor-element-9547067 exad-glass-effect-no exad-sticky-section-no\" data-id=\"9547067\" data-element_type=\"column\">\n\t\t\t<div class=\"elementor-widget-wrap elementor-element-populated\">\n\t\t\t\t\t\t\t\t<div class=\"elementor-element elementor-element-13e4468 exad-sticky-section-no exad-glass-effect-no elementor-widget elementor-widget-image\" data-id=\"13e4468\" data-element_type=\"widget\" data-widget_type=\"image.default\">\n\t\t\t\t<div class=\"elementor-widget-container\">\n\t\t\t\t\t\t\t\t\t\t\t\t\t\t\t\t<a href=\"http:\/\/www.csvpadovarovigo.org\" target=\"_blank\">\n\t\t\t\t\t\t\t<img loading=\"lazy\" decoding=\"async\" width=\"645\" height=\"410\" src=\"https:\/\/www.summertimechoir.com\/wp-content\/uploads\/2022\/08\/Logo_CSV.png\" class=\"attachment-large size-large wp-image-1429\" alt=\"\" srcset=\"https:\/\/www.summertimechoir.com\/wp-content\/uploads\/2022\/08\/Logo_CSV.png 645w, https:\/\/www.summertimechoir.com\/wp-content\/uploads\/2022\/08\/Logo_CSV-500x318.png 500w\" sizes=\"(max-width: 645px) 100vw, 645px\" \/>\t\t\t\t\t\t\t\t<\/a>\n\t\t\t\t\t\t\t\t\t\t\t\t\t\t\t<\/div>\n\t\t\t\t<\/div>\n\t\t\t\t\t<\/div>\n\t\t<\/div>\n\t\t\t\t\t\t\t<\/div>\n\t\t<\/section>\n\t\t\t\t<section class=\"elementor-section elementor-top-section elementor-element elementor-element-46fbbe8 elementor-section-boxed elementor-section-height-default elementor-section-height-default exad-glass-effect-no exad-sticky-section-no\" data-id=\"46fbbe8\" data-element_type=\"section\">\n\t\t\t\t\t\t<div class=\"elementor-container elementor-column-gap-default\">\n\t\t\t\t\t<div class=\"elementor-column elementor-col-50 elementor-top-column elementor-element elementor-element-6ce82d4 exad-glass-effect-no exad-sticky-section-no\" data-id=\"6ce82d4\" data-element_type=\"column\">\n\t\t\t<div class=\"elementor-widget-wrap elementor-element-populated\">\n\t\t\t\t\t\t\t\t<div class=\"elementor-element elementor-element-5d8e297 exad-sticky-section-no exad-glass-effect-no elementor-widget elementor-widget-image\" data-id=\"5d8e297\" data-element_type=\"widget\" data-widget_type=\"image.default\">\n\t\t\t\t<div class=\"elementor-widget-container\">\n\t\t\t\t\t\t\t\t\t\t\t\t\t\t\t\t<a href=\"http:\/\/www.fbov.org\" target=\"_blank\">\n\t\t\t\t\t\t\t<img loading=\"lazy\" decoding=\"async\" width=\"800\" height=\"800\" src=\"https:\/\/www.summertimechoir.com\/wp-content\/uploads\/2022\/08\/fondazionebancadegliocchi.png\" class=\"attachment-large size-large wp-image-1433\" alt=\"\" srcset=\"https:\/\/www.summertimechoir.com\/wp-content\/uploads\/2022\/08\/fondazionebancadegliocchi.png 900w, https:\/\/www.summertimechoir.com\/wp-content\/uploads\/2022\/08\/fondazionebancadegliocchi-500x500.png 500w, https:\/\/www.summertimechoir.com\/wp-content\/uploads\/2022\/08\/fondazionebancadegliocchi-300x300.png 300w, https:\/\/www.summertimechoir.com\/wp-content\/uploads\/2022\/08\/fondazionebancadegliocchi-768x768.png 768w\" sizes=\"(max-width: 800px) 100vw, 800px\" \/>\t\t\t\t\t\t\t\t<\/a>\n\t\t\t\t\t\t\t\t\t\t\t\t\t\t\t<\/div>\n\t\t\t\t<\/div>\n\t\t\t\t\t<\/div>\n\t\t<\/div>\n\t\t\t\t<div class=\"elementor-column elementor-col-50 elementor-top-column elementor-element elementor-element-54f0258 exad-glass-effect-no exad-sticky-section-no\" data-id=\"54f0258\" data-element_type=\"column\">\n\t\t\t<div class=\"elementor-widget-wrap elementor-element-populated\">\n\t\t\t\t\t\t\t\t<div class=\"elementor-element elementor-element-4c1b423 exad-sticky-section-no exad-glass-effect-no elementor-widget elementor-widget-image\" data-id=\"4c1b423\" data-element_type=\"widget\" data-widget_type=\"image.default\">\n\t\t\t\t<div class=\"elementor-widget-container\">\n\t\t\t\t\t\t\t\t\t\t\t\t\t\t\t\t<a href=\"https:\/\/www.caritasantoniana.org\/it\" target=\"_blank\">\n\t\t\t\t\t\t\t<img loading=\"lazy\" decoding=\"async\" width=\"645\" height=\"410\" src=\"https:\/\/www.summertimechoir.com\/wp-content\/uploads\/2022\/08\/caritas_santantonio.png\" class=\"attachment-large size-large wp-image-1434\" alt=\"\" srcset=\"https:\/\/www.summertimechoir.com\/wp-content\/uploads\/2022\/08\/caritas_santantonio.png 645w, https:\/\/www.summertimechoir.com\/wp-content\/uploads\/2022\/08\/caritas_santantonio-500x318.png 500w\" sizes=\"(max-width: 645px) 100vw, 645px\" \/>\t\t\t\t\t\t\t\t<\/a>\n\t\t\t\t\t\t\t\t\t\t\t\t\t\t\t<\/div>\n\t\t\t\t<\/div>\n\t\t\t\t\t<\/div>\n\t\t<\/div>\n\t\t\t\t\t\t\t<\/div>\n\t\t<\/section>\n\t\t\t\t<section class=\"elementor-section elementor-top-section elementor-element elementor-element-6260510 elementor-section-boxed elementor-section-height-default elementor-section-height-default exad-glass-effect-no exad-sticky-section-no\" data-id=\"6260510\" data-element_type=\"section\">\n\t\t\t\t\t\t<div class=\"elementor-container elementor-column-gap-default\">\n\t\t\t\t\t<div class=\"elementor-column elementor-col-100 elementor-top-column elementor-element elementor-element-812e149 exad-glass-effect-no exad-sticky-section-no\" data-id=\"812e149\" data-element_type=\"column\">\n\t\t\t<div class=\"elementor-widget-wrap elementor-element-populated\">\n\t\t\t\t\t\t\t\t<div class=\"elementor-element elementor-element-cc6511f exad-sticky-section-no exad-glass-effect-no elementor-widget elementor-widget-spacer\" data-id=\"cc6511f\" data-element_type=\"widget\" data-widget_type=\"spacer.default\">\n\t\t\t\t<div class=\"elementor-widget-container\">\n\t\t\t<style>\/*! elementor - v3.18.0 - 20-12-2023 *\/\n.elementor-column .elementor-spacer-inner{height:var(--spacer-size)}.e-con{--container-widget-width:100%}.e-con-inner>.elementor-widget-spacer,.e-con>.elementor-widget-spacer{width:var(--container-widget-width,var(--spacer-size));--align-self:var(--container-widget-align-self,initial);--flex-shrink:0}.e-con-inner>.elementor-widget-spacer>.elementor-widget-container,.e-con>.elementor-widget-spacer>.elementor-widget-container{height:100%;width:100%}.e-con-inner>.elementor-widget-spacer>.elementor-widget-container>.elementor-spacer,.e-con>.elementor-widget-spacer>.elementor-widget-container>.elementor-spacer{height:100%}.e-con-inner>.elementor-widget-spacer>.elementor-widget-container>.elementor-spacer>.elementor-spacer-inner,.e-con>.elementor-widget-spacer>.elementor-widget-container>.elementor-spacer>.elementor-spacer-inner{height:var(--container-widget-height,var(--spacer-size))}.e-con-inner>.elementor-widget-spacer.elementor-widget-empty,.e-con>.elementor-widget-spacer.elementor-widget-empty{position:relative;min-height:22px;min-width:22px}.e-con-inner>.elementor-widget-spacer.elementor-widget-empty .elementor-widget-empty-icon,.e-con>.elementor-widget-spacer.elementor-widget-empty .elementor-widget-empty-icon{position:absolute;top:0;bottom:0;left:0;right:0;margin:auto;padding:0;width:22px;height:22px}<\/style>\t\t<div class=\"elementor-spacer\">\n\t\t\t<div class=\"elementor-spacer-inner\"><\/div>\n\t\t<\/div>\n\t\t\t\t<\/div>\n\t\t\t\t<\/div>\n\t\t\t\t\t<\/div>\n\t\t<\/div>\n\t\t\t\t\t\t\t<\/div>\n\t\t<\/section>\n\t\t\t\t\t\t\t<\/div>\n\t\t","protected":false},"excerpt":{"rendered":"<p>Scopo associativo L\u2019Associazione Musicale Summertime \u00e8 una associazione culturale senza scopo di lucro, il cui obbiettivo \u00e8 quello di favorire l\u2019esercizio,lo sviluppo, la diffusione e lo studio dell\u2019attivit\u00e0 musicale\u00a0e corale, a titolo ricreativo e di studio, a favore degli associati.\u00a0 Negli anni questa attivit\u00e0 si \u00e8 sviluppata in coordinamento e sinergia con diverse associazioni e [&hellip;]<\/p>\n","protected":false},"author":1,"featured_media":275,"parent":0,"menu_order":0,"comment_status":"closed","ping_status":"closed","template":"","meta":{"footnotes":""},"class_list":["post-17","page","type-page","status-publish","has-post-thumbnail","hentry"],"_links":{"self":[{"href":"https:\/\/www.summertimechoir.com\/index.php?rest_route=\/wp\/v2\/pages\/17","targetHints":{"allow":["GET"]}}],"collection":[{"href":"https:\/\/www.summertimechoir.com\/index.php?rest_route=\/wp\/v2\/pages"}],"about":[{"href":"https:\/\/www.summertimechoir.com\/index.php?rest_route=\/wp\/v2\/types\/page"}],"author":[{"embeddable":true,"href":"https:\/\/www.summertimechoir.com\/index.php?rest_route=\/wp\/v2\/users\/1"}],"replies":[{"embeddable":true,"href":"https:\/\/www.summertimechoir.com\/index.php?rest_route=%2Fwp%2Fv2%2Fcomments&post=17"}],"version-history":[{"count":130,"href":"https:\/\/www.summertimechoir.com\/index.php?rest_route=\/wp\/v2\/pages\/17\/revisions"}],"predecessor-version":[{"id":2454,"href":"https:\/\/www.summertimechoir.com\/index.php?rest_route=\/wp\/v2\/pages\/17\/revisions\/2454"}],"wp:featuredmedia":[{"embeddable":true,"href":"https:\/\/www.summertimechoir.com\/index.php?rest_route=\/wp\/v2\/media\/275"}],"wp:attachment":[{"href":"https:\/\/www.summertimechoir.com\/index.php?rest_route=%2Fwp%2Fv2%2Fmedia&parent=17"}],"curies":[{"name":"wp","href":"https:\/\/api.w.org\/{rel}","templated":true}]}}